{"id":49718,"date":"2021-05-18T18:14:32","date_gmt":"2021-05-18T18:14:32","guid":{"rendered":"https:\/\/healthematters.ca\/?page_id=49718"},"modified":"2025-04-22T18:06:48","modified_gmt":"2025-04-22T18:06:48","slug":"demande-de-conference","status":"publish","type":"page","link":"https:\/\/healthematters.ca\/fr\/demande-de-conference\/","title":{"rendered":"Demande de participation \u00e0 la conf\u00e9rence"},"content":{"rendered":"<p>[et_pb_section fb_built=&#8221;1&#8243; custom_padding_last_edited=&#8221;on|desktop&#8221; _builder_version=&#8221;4.16&#8243; background_color=&#8221;#B3B3B3&#8243; background_image=&#8221;https:\/\/healthematters.ca\/wp-content\/uploads\/MYELOMA-Pattern03-75Opacity.png&#8221; custom_padding_tablet=&#8221;50px|0|50px|0&#8243; custom_padding_phone=&#8221;&#8221; transparent_background=&#8221;off&#8221; locked=&#8221;off&#8221; global_colors_info=&#8221;{}&#8221;][et_pb_row _builder_version=&#8221;4.22.1&#8243; background_size=&#8221;initial&#8221; background_position=&#8221;top_left&#8221; background_repeat=&#8221;repeat&#8221; custom_padding=&#8221;50px|||||&#8221; global_colors_info=&#8221;{}&#8221;][et_pb_column type=&#8221;4_4&#8243; _builder_version=&#8221;4.16&#8243; custom_padding=&#8221;|||&#8221; global_colors_info=&#8221;{}&#8221; custom_padding__hover=&#8221;|||&#8221;][et_pb_text admin_label=&#8221;Page title %22Event Location%22 (background image set in Section Settings &#8211; image width 1900px)&#8221; _builder_version=&#8221;4.22.1&#8243; background_size=&#8221;initial&#8221; background_position=&#8221;top_left&#8221; background_repeat=&#8221;repeat&#8221; background_layout=&#8221;dark&#8221; custom_margin=&#8221;||0px|&#8221; use_border_color=&#8221;off&#8221; border_color=&#8221;#ffffff&#8221; border_style=&#8221;solid&#8221; global_colors_info=&#8221;{}&#8221;]<\/p>\n<h1><a href=\"https:\/\/healthematters.ca\/fr\/demande-de-conference\/\" aria-current=\"page\">Demande de participation \u00e0 la conf\u00e9rence<\/a><\/h1>\n<p>[\/et_pb_text][et_pb_divider color=&#8221;#009597&#8243; divider_weight=&#8221;5px&#8221; _builder_version=&#8221;4.16&#8243; _module_preset=&#8221;default&#8221; max_width=&#8221;150px&#8221; module_alignment=&#8221;left&#8221; custom_margin=&#8221;20px||10px||false|false&#8221; locked=&#8221;off&#8221; global_colors_info=&#8221;{}&#8221;][\/et_pb_divider][\/et_pb_column][\/et_pb_row][\/et_pb_section][et_pb_section fb_built=&#8221;1&#8243; custom_padding_last_edited=&#8221;on|desktop&#8221; _builder_version=&#8221;4.16&#8243; background_color=&#8221;#ffffff&#8221; custom_padding_tablet=&#8221;50px|0|50px|0&#8243; custom_padding_phone=&#8221;&#8221; transparent_background=&#8221;off&#8221; padding_mobile=&#8221;off&#8221; make_fullwidth=&#8221;off&#8221; use_custom_width=&#8221;off&#8221; width_unit=&#8221;on&#8221; locked=&#8221;off&#8221; global_colors_info=&#8221;{}&#8221;][et_pb_row _builder_version=&#8221;4.16&#8243; _module_preset=&#8221;default&#8221; custom_padding=&#8221;2px|||||&#8221; global_colors_info=&#8221;{}&#8221;][et_pb_column type=&#8221;4_4&#8243; _builder_version=&#8221;4.16&#8243; _module_preset=&#8221;default&#8221; global_colors_info=&#8221;{}&#8221;][et_pb_code _builder_version=&#8221;4.22.1&#8243; _module_preset=&#8221;default&#8221; custom_padding=&#8221;|0px||||&#8221; hover_enabled=&#8221;0&#8243; global_colors_info=&#8221;{}&#8221; sticky_enabled=&#8221;0&#8243;]<iframe loading=\"lazy\" src=\"https:\/\/docs.google.com\/forms\/d\/e\/1FAIpQLSeyyzY-LfQfGkVFpTJtby_orJBEiO4qPx6_B-SyObN0b9-MfA\/viewform?usp=dialog\" width=\"100%\" height=\"2123\" frameborder=\"0\" marginheight=\"0\" marginwidth=\"0\">Loading\u2026<\/iframe>[\/et_pb_code][\/et_pb_column][\/et_pb_row][\/et_pb_section][et_pb_section fb_built=&#8221;1&#8243; _builder_version=&#8221;4.8.1&#8243; _module_preset=&#8221;default&#8221; custom_margin=&#8221;||-2px||false|false&#8221; custom_padding=&#8221;3px||0px||false|false&#8221; border_width_top=&#8221;5px&#8221; border_color_top=&#8221;#009597&#8243; global_module=&#8221;49502&#8243; saved_tabs=&#8221;all&#8221; locked=&#8221;off&#8221; global_colors_info=&#8221;{}&#8221;][et_pb_row column_structure=&#8221;1_3,1_3,1_3&#8243; _builder_version=&#8221;4.16&#8243; _module_preset=&#8221;default&#8221; custom_padding=&#8221;4px|||||&#8221; global_colors_info=&#8221;{}&#8221;][et_pb_column type=&#8221;1_3&#8243; _builder_version=&#8221;4.16&#8243; _module_preset=&#8221;default&#8221; global_colors_info=&#8221;{}&#8221;][et_pb_image src=&#8221;https:\/\/healthematters.ca\/wp-content\/uploads\/HEALTHeMATTERS_RGB.jpg&#8221; title_text=&#8221;HEALTHeMATTERS_RGB&#8221; _builder_version=&#8221;4.16&#8243; _module_preset=&#8221;default&#8221; custom_margin=&#8221;||-1px|||&#8221; global_colors_info=&#8221;{}&#8221;][\/et_pb_image][\/et_pb_column][et_pb_column type=&#8221;1_3&#8243; _builder_version=&#8221;4.16&#8243; _module_preset=&#8221;default&#8221; custom_padding=&#8221;46px||||false|false&#8221; global_colors_info=&#8221;{}&#8221;][et_pb_text _builder_version=&#8221;4.16&#8243; _module_preset=&#8221;default&#8221; link_font=&#8221;||||||||&#8221; link_text_color=&#8221;#000000&#8243; text_orientation=&#8221;center&#8221; custom_margin=&#8221;||0px||false|false&#8221; custom_margin_tablet=&#8221;&#8221; custom_margin_phone=&#8221;-55px||||false|false&#8221; custom_margin_last_edited=&#8221;on|phone&#8221; global_colors_info=&#8221;{}&#8221;]<\/p>\n<p><a href=\"\/fr\/politique-de-confidentialite\/\">Politique de confidentialit\u00e9<\/a><\/p>\n<p><a href=\"\/fr\/abonnez-vous\/\">Abonnez-vous<\/a><\/p>\n<p>[\/et_pb_text][\/et_pb_column][et_pb_column type=&#8221;1_3&#8243; _builder_version=&#8221;4.16&#8243; _module_preset=&#8221;default&#8221; custom_padding=&#8221;46px||||false|false&#8221; global_colors_info=&#8221;{}&#8221;][et_pb_social_media_follow _builder_version=&#8221;4.16&#8243; _module_preset=&#8221;default&#8221; text_orientation=&#8221;center&#8221; custom_margin=&#8221;||0px||false|false&#8221; custom_margin_tablet=&#8221;&#8221; custom_margin_phone=&#8221;-20px||||false|false&#8221; custom_margin_last_edited=&#8221;on|phone&#8221; global_colors_info=&#8221;{}&#8221;][et_pb_social_media_follow_network social_network=&#8221;instagram&#8221; url=&#8221;https:\/\/www.instagram.com\/health_ematters\/&#8221; _builder_version=&#8221;4.16&#8243; _module_preset=&#8221;default&#8221; background_color=&#8221;#009597&#8243; background_enable_color=&#8221;on&#8221; global_colors_info=&#8221;{}&#8221; follow_button=&#8221;off&#8221; url_new_window=&#8221;on&#8221;]instagram[\/et_pb_social_media_follow_network][et_pb_social_media_follow_network social_network=&#8221;linkedin&#8221; url=&#8221;https:\/\/www.linkedin.com\/company\/healthematters\/&#8221; _builder_version=&#8221;4.16&#8243; _module_preset=&#8221;default&#8221; background_color=&#8221;#DA8720&#8243; background_enable_color=&#8221;on&#8221; global_colors_info=&#8221;{}&#8221; follow_button=&#8221;off&#8221; url_new_window=&#8221;on&#8221;]linkedin[\/et_pb_social_media_follow_network][et_pb_social_media_follow_network social_network=&#8221;facebook&#8221; url=&#8221;https:\/\/www.facebook.com\/HealtheMatters&#8221; icon_color=&#8221;#FFFFFF&#8221; _builder_version=&#8221;4.16&#8243; _module_preset=&#8221;default&#8221; background_color=&#8221;#009597&#8243; background_enable_color=&#8221;on&#8221; global_colors_info=&#8221;{}&#8221; follow_button=&#8221;off&#8221; url_new_window=&#8221;on&#8221;]facebook[\/et_pb_social_media_follow_network][et_pb_social_media_follow_network social_network=&#8221;twitter&#8221; url=&#8221;https:\/\/twitter.com\/health_ematters&#8221; _builder_version=&#8221;4.16&#8243; _module_preset=&#8221;default&#8221; background_color=&#8221;#DA8720&#8243; background_enable_color=&#8221;on&#8221; global_colors_info=&#8221;{}&#8221; follow_button=&#8221;off&#8221; url_new_window=&#8221;on&#8221;]twitter[\/et_pb_social_media_follow_network][\/et_pb_social_media_follow][et_pb_text _builder_version=&#8221;4.16&#8243; _module_preset=&#8221;default&#8221; link_font=&#8221;||||||||&#8221; link_text_color=&#8221;#000000&#8243; text_orientation=&#8221;center&#8221; custom_margin=&#8221;||||false|false&#8221; custom_margin_tablet=&#8221;&#8221; custom_margin_phone=&#8221;||||false|false&#8221; custom_margin_last_edited=&#8221;on|phone&#8221; global_colors_info=&#8221;{}&#8221;]<\/p>\n<p><strong>Ou contactez-nous \u00e0 : contact@healthematters.ca<\/strong><\/p>\n<p>[\/et_pb_text][\/et_pb_column][\/et_pb_row][et_pb_row _builder_version=&#8221;4.16&#8243; _module_preset=&#8221;default&#8221; background_color=&#8221;#D6D6D6&#8243; width=&#8221;100%&#8221; max_width=&#8221;100%&#8221; custom_margin=&#8221;|auto|1px|auto||&#8221; global_colors_info=&#8221;{}&#8221;][et_pb_column type=&#8221;4_4&#8243; _builder_version=&#8221;4.16&#8243; _module_preset=&#8221;default&#8221; global_colors_info=&#8221;{}&#8221;][et_pb_text _builder_version=&#8221;4.16&#8243; _module_preset=&#8221;default&#8221; global_colors_info=&#8221;{}&#8221;]<\/p>\n<p style=\"text-align: center;\"><span>\u00a9 2021 Health eMatters | Pr\u00e9sent\u00e9 par\u00a0<\/span><a href=\"https:\/\/www.myelomacanada.ca\/fr\" target=\"_blank\" rel=\"noopener\">My\u00e9lome Canada\u00a0<img loading=\"lazy\" decoding=\"async\" src=\"https:\/\/healthematters.ca\/wp-content\/uploads\/Myeloma_Walk_Web_Badge-1-300x126-removebg-preview-1.png\" width=\"25\" height=\"10\" alt=\"\" class=\"wp-image-49190 alignnone size-medium\" \/><span><\/span><\/a>\u00a0| Site par\u00a0<a href=\"https:\/\/www.phil.ca\/fr\" target=\"_blank\" rel=\"noopener\">Phil<\/a><\/p>\n<p>[\/et_pb_text][\/et_pb_column][\/et_pb_row][\/et_pb_section]<\/p>\n","protected":false},"excerpt":{"rendered":"<p>Demande de participation \u00e0 la conf\u00e9rencePolitique de confidentialit\u00e9 Abonnez-vousOu contactez-nous \u00e0 : contact@healthematters.ca\u00a9 2021 Health eMatters | Pr\u00e9sent\u00e9 par\u00a0My\u00e9lome Canada\u00a0\u00a0| Site par\u00a0Phil<\/p>\n","protected":false},"author":5,"featured_media":0,"parent":0,"menu_order":0,"comment_status":"closed","ping_status":"closed","template":"","meta":{"_et_pb_use_builder":"on","_et_pb_old_content":"[et_pb_section fb_built=\"1\" custom_padding_last_edited=\"on|desktop\" _builder_version=\"4.8.1\" background_color=\"#B3B3B3\" background_image=\"https:\/\/healthematters.ca\/wp-content\/uploads\/MYELOMA-Pattern03-75Opacity.png\" custom_padding_tablet=\"50px|0|50px|0\" custom_padding_phone=\"\" transparent_background=\"off\" locked=\"off\"][et_pb_row _builder_version=\"3.25\" background_size=\"initial\" background_position=\"top_left\" background_repeat=\"repeat\" custom_padding=\"50px|||||\"][et_pb_column type=\"4_4\" _builder_version=\"3.25\" custom_padding=\"|||\" custom_padding__hover=\"|||\"][et_pb_text admin_label=\"Page title %22Event Location%22 (background image set in Section Settings - image width 1900px)\" _builder_version=\"4.9.4\" background_size=\"initial\" background_position=\"top_left\" background_repeat=\"repeat\" background_layout=\"dark\" custom_margin=\"||0px|\" hover_enabled=\"0\" use_border_color=\"off\" border_color=\"#ffffff\" border_style=\"solid\" sticky_enabled=\"0\"]<h1>Conference Application<\/h1>[\/et_pb_text][et_pb_divider color=\"#009597\" divider_weight=\"5px\" _builder_version=\"4.8.1\" _module_preset=\"default\" max_width=\"150px\" module_alignment=\"left\" custom_margin=\"20px||10px||false|false\" locked=\"off\"][\/et_pb_divider][\/et_pb_column][\/et_pb_row][\/et_pb_section][et_pb_section fb_built=\"1\" custom_padding_last_edited=\"on|desktop\" _builder_version=\"3.22\" background_color=\"#ffffff\" custom_padding_tablet=\"50px|0|50px|0\" custom_padding_phone=\"\" transparent_background=\"off\" padding_mobile=\"off\" make_fullwidth=\"off\" use_custom_width=\"off\" width_unit=\"on\" locked=\"off\"][et_pb_row _builder_version=\"4.9.4\" _module_preset=\"default\" custom_padding=\"2px|||||\"][et_pb_column type=\"4_4\" _builder_version=\"4.9.4\" _module_preset=\"default\"][et_pb_code _builder_version=\"4.9.4\" _module_preset=\"default\"]<iframe src=\"https:\/\/docs.google.com\/forms\/d\/e\/1FAIpQLSeK9IJ0SkbO6ZXldbsQ0B6jlmmZ8S2zHg5rvV4Qow92pbn4_g\/viewform?embedded=true\" width=\"100%\" height=\"2325\" frameborder=\"0\" marginheight=\"0\" marginwidth=\"0\">Loading\u2026<\/iframe>[\/et_pb_code][\/et_pb_column][\/et_pb_row][\/et_pb_section][et_pb_section fb_built=\"1\" _builder_version=\"4.8.1\" _module_preset=\"default\" custom_margin=\"||-2px||false|false\" custom_padding=\"3px||0px||false|false\" border_width_top=\"5px\" border_color_top=\"#009597\" global_module=\"49103\" saved_tabs=\"all\"][et_pb_row column_structure=\"1_3,1_3,1_3\" _builder_version=\"4.8.1\" _module_preset=\"default\" custom_padding=\"4px|||||\"][et_pb_column type=\"1_3\" _builder_version=\"4.8.1\" _module_preset=\"default\"][et_pb_image src=\"https:\/\/healthematters.ca\/wp-content\/uploads\/HEALTHeMATTERS_RGB.jpg\" title_text=\"HEALTHeMATTERS_RGB\" _builder_version=\"4.8.1\" _module_preset=\"default\" custom_margin=\"||-1px|||\"][\/et_pb_image][\/et_pb_column][et_pb_column type=\"1_3\" _builder_version=\"4.8.1\" _module_preset=\"default\" custom_padding=\"46px||||false|false\"][et_pb_text admin_label=\"Text\" _builder_version=\"4.8.1\" _module_preset=\"default\" link_font=\"||||||||\" link_text_color=\"#000000\" text_orientation=\"center\" custom_margin=\"||0px||false|false\" custom_margin_tablet=\"\" custom_margin_phone=\"-55px||||false|false\" custom_margin_last_edited=\"on|phone\"]<p><a href=\"\/privacy-policy\/\">Privacy Policy<\/a><\/p>\r\n<p><a href=\"\/sign-up\/\">Sign Up<\/a><\/p>[\/et_pb_text][\/et_pb_column][et_pb_column type=\"1_3\" _builder_version=\"4.8.1\" _module_preset=\"default\" custom_padding=\"46px||||false|false\"][et_pb_social_media_follow _builder_version=\"4.8.1\" _module_preset=\"default\" text_orientation=\"center\" custom_margin=\"||0px||false|false\" custom_margin_tablet=\"\" custom_margin_phone=\"-20px||||false|false\" custom_margin_last_edited=\"on|phone\"][et_pb_social_media_follow_network social_network=\"instagram\" url=\"https:\/\/www.instagram.com\/health_ematters\/\" _builder_version=\"4.8.1\" _module_preset=\"default\" background_color=\"#009597\" background_enable_color=\"on\" follow_button=\"off\" url_new_window=\"on\"]instagram[\/et_pb_social_media_follow_network][et_pb_social_media_follow_network social_network=\"linkedin\" url=\"https:\/\/www.linkedin.com\/company\/healthematters\/\" _builder_version=\"4.8.1\" _module_preset=\"default\" background_color=\"#DA8720\" background_enable_color=\"on\" follow_button=\"off\" url_new_window=\"on\"]linkedin[\/et_pb_social_media_follow_network][et_pb_social_media_follow_network social_network=\"facebook\" url=\"https:\/\/www.facebook.com\/HealtheMatters\" icon_color=\"#FFFFFF\" _builder_version=\"4.8.1\" _module_preset=\"default\" background_color=\"#009597\" background_enable_color=\"on\" follow_button=\"off\" url_new_window=\"on\"]facebook[\/et_pb_social_media_follow_network][et_pb_social_media_follow_network social_network=\"twitter\" url=\"https:\/\/twitter.com\/health_ematters\" _builder_version=\"4.8.1\" _module_preset=\"default\" background_color=\"#DA8720\" background_enable_color=\"on\" follow_button=\"off\" url_new_window=\"on\"]twitter[\/et_pb_social_media_follow_network][\/et_pb_social_media_follow][et_pb_text admin_label=\"Text\" _builder_version=\"4.8.1\" _module_preset=\"default\" link_font=\"||||||||\" link_text_color=\"#000000\" text_orientation=\"center\" custom_margin=\"||||false|false\" custom_margin_tablet=\"\" custom_margin_phone=\"||||false|false\" custom_margin_last_edited=\"on|phone\"]<p><strong>Or contact us at: contact@healthematters.ca<\/strong><\/p>[\/et_pb_text][\/et_pb_column][\/et_pb_row][et_pb_row _builder_version=\"4.8.1\" _module_preset=\"default\" background_color=\"#D6D6D6\" width=\"100%\" max_width=\"100%\" custom_margin=\"|auto|1px|auto||\"][et_pb_column type=\"4_4\" _builder_version=\"4.8.1\" _module_preset=\"default\"][et_pb_text _builder_version=\"4.8.1\" _module_preset=\"default\"]<p style=\"text-align: center;\"><span>\u00a9 2021 Health eMatters | Brought to you by\u00a0<\/span><a href=\"https:\/\/www.myelomacanada.ca\/\" target=\"_blank\" rel=\"noopener\">Myeloma Canada\u00a0<img src=\"https:\/\/healthematters.ca\/wp-content\/uploads\/Myeloma_Walk_Web_Badge-1-300x126-removebg-preview-1.png\" width=\"25\" height=\"10\" alt=\"\" class=\"wp-image-49190 alignnone size-medium\" \/><span><\/a>\u00a0| Site by\u00a0<\/span><a href=\"https:\/\/phil.ca\/\" target=\"_blank\" rel=\"noopener\">Phil<\/a><\/p>[\/et_pb_text][\/et_pb_column][\/et_pb_row][\/et_pb_section]","_et_gb_content_width":"","footnotes":""},"class_list":["post-49718","page","type-page","status-publish","hentry"],"_links":{"self":[{"href":"https:\/\/healthematters.ca\/fr\/wp-json\/wp\/v2\/pages\/49718","targetHints":{"allow":["GET"]}}],"collection":[{"href":"https:\/\/healthematters.ca\/fr\/wp-json\/wp\/v2\/pages"}],"about":[{"href":"https:\/\/healthematters.ca\/fr\/wp-json\/wp\/v2\/types\/page"}],"author":[{"embeddable":true,"href":"https:\/\/healthematters.ca\/fr\/wp-json\/wp\/v2\/users\/5"}],"replies":[{"embeddable":true,"href":"https:\/\/healthematters.ca\/fr\/wp-json\/wp\/v2\/comments?post=49718"}],"version-history":[{"count":34,"href":"https:\/\/healthematters.ca\/fr\/wp-json\/wp\/v2\/pages\/49718\/revisions"}],"predecessor-version":[{"id":50893,"href":"https:\/\/healthematters.ca\/fr\/wp-json\/wp\/v2\/pages\/49718\/revisions\/50893"}],"wp:attachment":[{"href":"https:\/\/healthematters.ca\/fr\/wp-json\/wp\/v2\/media?parent=49718"}],"curies":[{"name":"wp","href":"https:\/\/api.w.org\/{rel}","templated":true}]}}